{"id":216,"date":"2022-11-08T09:40:58","date_gmt":"2022-11-08T09:40:58","guid":{"rendered":"https:\/\/micnordic.se\/?page_id=216"},"modified":"2025-09-29T16:09:03","modified_gmt":"2025-09-29T14:09:03","slug":"mobiltackning-inomhus","status":"publish","type":"page","link":"https:\/\/micnordic.se\/en\/","title":{"rendered":"Mobile coverage indoors"},"content":{"rendered":"\t\t<div data-elementor-type=\"wp-page\" data-elementor-id=\"216\" class=\"elementor elementor-216\" data-elementor-post-type=\"page\">\n\t\t\t\t\t\t<section data-particle_enable=\"false\" data-particle-mobile-disabled=\"false\" class=\"elementor-section elementor-top-section elementor-element elementor-element-1092c14 elementor-section-height-min-height elementor-section-boxed elementor-section-height-default elementor-section-items-middle\" data-id=\"1092c14\" data-element_type=\"section\" data-e-type=\"section\" data-settings=\"{&quot;background_background&quot;:&quot;slideshow&quot;,&quot;background_slideshow_gallery&quot;:[{&quot;id&quot;:9050,&quot;url&quot;:&quot;https:\\\/\\\/micnordic.se\\\/wp-content\\\/uploads\\\/VISTA-Vy-Spar-puff.jpg&quot;},{&quot;id&quot;:220,&quot;url&quot;:&quot;https:\\\/\\\/micnordic.se\\\/wp-content\\\/uploads\\\/2022\\\/11\\\/image-1.png&quot;},{&quot;id&quot;:9052,&quot;url&quot;:&quot;https:\\\/\\\/micnordic.se\\\/wp-content\\\/uploads\\\/luikv1h0qitkz12fg5gr.webp&quot;},{&quot;id&quot;:225,&quot;url&quot;:&quot;https:\\\/\\\/micnordic.se\\\/wp-content\\\/uploads\\\/2022\\\/11\\\/image-2.jpeg&quot;},{&quot;id&quot;:227,&quot;url&quot;:&quot;https:\\\/\\\/micnordic.se\\\/wp-content\\\/uploads\\\/2022\\\/11\\\/image-5.png&quot;}],&quot;background_slideshow_loop&quot;:&quot;yes&quot;,&quot;background_slideshow_slide_duration&quot;:5000,&quot;background_slideshow_slide_transition&quot;:&quot;fade&quot;,&quot;background_slideshow_transition_duration&quot;:500}\">\n\t\t\t\t\t\t\t<div class=\"elementor-background-overlay\"><\/div>\n\t\t\t\t\t\t\t<div class=\"elementor-container elementor-column-gap-wider\">\n\t\t\t\t\t<div class=\"elementor-column elementor-col-100 elementor-top-column elementor-element elementor-element-c9d737a\" data-id=\"c9d737a\" data-element_type=\"column\" data-e-type=\"column\">\n\t\t\t<div class=\"elementor-widget-wrap elementor-element-populated\">\n\t\t\t\t\t\t<div class=\"elementor-element elementor-element-828fe43 elementor-headline--style-highlight elementor-widget elementor-widget-animated-headline\" data-id=\"828fe43\" data-element_type=\"widget\" data-e-type=\"widget\" data-settings=\"{&quot;marker&quot;:&quot;underline&quot;,&quot;highlighted_text&quot;:&quot;Robust och s\\u00e4ker&quot;,&quot;headline_style&quot;:&quot;highlight&quot;,&quot;loop&quot;:&quot;yes&quot;,&quot;highlight_animation_duration&quot;:1200,&quot;highlight_iteration_delay&quot;:8000}\" data-widget_type=\"animated-headline.default\">\n\t\t\t\t<div class=\"elementor-widget-container\">\n\t\t\t\t\t\t\t<h1 class=\"elementor-headline\">\n\t\t\t\t<span class=\"elementor-headline-dynamic-wrapper elementor-headline-text-wrapper\">\n\t\t\t\t\t<span class=\"elementor-headline-dynamic-text elementor-headline-text-active\">Robust och s\u00e4ker<\/span>\n\t\t\t\t<\/span>\n\t\t\t\t\t<span class=\"elementor-headline-plain-text elementor-headline-text-wrapper\"><br>mobilt\u00e4ckning <br> inomhus<\/span>\n\t\t\t\t\t<\/h1>\n\t\t\t\t\t\t<\/div>\n\t\t\t\t<\/div>\n\t\t\t\t<div class=\"elementor-element elementor-element-957a99d elementor-absolute elementor-widget elementor-widget-image\" data-id=\"957a99d\" data-element_type=\"widget\" data-e-type=\"widget\" data-settings=\"{&quot;_position&quot;:&quot;absolute&quot;}\" data-widget_type=\"image.default\">\n\t\t\t\t<div class=\"elementor-widget-container\">\n\t\t\t\t\t\t\t\t\t\t\t\t\t\t\t<img fetchpriority=\"high\" decoding=\"async\" width=\"3676\" height=\"3299\" src=\"https:\/\/micnordic.se\/wp-content\/uploads\/2022\/11\/swhosh-vit.png\" class=\"attachment-full size-full wp-image-354\" alt=\"MIC Nordic f\u00f6r mobilt\u00e4ckning inomhus\" srcset=\"https:\/\/micnordic.se\/wp-content\/uploads\/2022\/11\/swhosh-vit.png 3676w, https:\/\/micnordic.se\/wp-content\/uploads\/2022\/11\/swhosh-vit-600x538.png 600w, https:\/\/micnordic.se\/wp-content\/uploads\/2022\/11\/swhosh-vit-300x269.png 300w, https:\/\/micnordic.se\/wp-content\/uploads\/2022\/11\/swhosh-vit-1024x919.png 1024w, https:\/\/micnordic.se\/wp-content\/uploads\/2022\/11\/swhosh-vit-768x689.png 768w, https:\/\/micnordic.se\/wp-content\/uploads\/2022\/11\/swhosh-vit-1536x1378.png 1536w, https:\/\/micnordic.se\/wp-content\/uploads\/2022\/11\/swhosh-vit-2048x1838.png 2048w\" sizes=\"(max-width: 3676px) 100vw, 3676px\" \/>\t\t\t\t\t\t\t\t\t\t\t\t\t\t\t<\/div>\n\t\t\t\t<\/div>\n\t\t\t\t\t<\/div>\n\t\t<\/div>\n\t\t\t\t\t<\/div>\n\t\t<\/section>\n\t\t\t\t<section data-particle_enable=\"false\" data-particle-mobile-disabled=\"false\" class=\"elementor-section elementor-top-section elementor-element elementor-element-421cbcb elementor-section-full_width elementor-section-height-default elementor-section-height-default\" data-id=\"421cbcb\" data-element_type=\"section\" data-e-type=\"section\" data-settings=\"{&quot;background_background&quot;:&quot;classic&quot;}\">\n\t\t\t\t\t\t\t<div class=\"elementor-background-overlay\"><\/div>\n\t\t\t\t\t\t\t<div class=\"elementor-container elementor-column-gap-wider\">\n\t\t\t\t\t<div class=\"elementor-column elementor-col-100 elementor-top-column elementor-element elementor-element-b94b545\" data-id=\"b94b545\" data-element_type=\"column\" data-e-type=\"column\">\n\t\t\t<div class=\"elementor-widget-wrap elementor-element-populated\">\n\t\t\t\t\t\t<section data-particle_enable=\"false\" data-particle-mobile-disabled=\"false\" class=\"elementor-section elementor-inner-section elementor-element elementor-element-d42c302 elementor-section-boxed elementor-section-height-default elementor-section-height-default\" data-id=\"d42c302\" data-element_type=\"section\" data-e-type=\"section\">\n\t\t\t\t\t\t<div class=\"elementor-container elementor-column-gap-wider\">\n\t\t\t\t\t<div class=\"elementor-column elementor-col-100 elementor-inner-column elementor-element elementor-element-c2d5cb7\" data-id=\"c2d5cb7\" data-element_type=\"column\" data-e-type=\"column\">\n\t\t\t<div class=\"elementor-widget-wrap elementor-element-populated\">\n\t\t\t\t\t\t<div class=\"elementor-element elementor-element-b511d8b elementor-widget elementor-widget-heading\" data-id=\"b511d8b\" data-element_type=\"widget\" data-e-type=\"widget\" data-widget_type=\"heading.default\">\n\t\t\t\t<div class=\"elementor-widget-container\">\n\t\t\t\t\t<h2 class=\"elementor-heading-title elementor-size-default\">Slut p\u00e5 d\u00e5lig mobilt\u00e4ckning inomhus<\/h2>\t\t\t\t<\/div>\n\t\t\t\t<\/div>\n\t\t\t\t<div class=\"elementor-element elementor-element-690c119 elementor-widget elementor-widget-text-editor\" data-id=\"690c119\" data-element_type=\"widget\" data-e-type=\"widget\" data-widget_type=\"text-editor.default\">\n\t\t\t\t<div class=\"elementor-widget-container\">\n\t\t\t\t\t\t\t\t\t<p>MIC Nordic ger f\u00f6retag och organisationer en p\u00e5litlig mobilt\u00e4ckning inomhus och d\u00e4rmed en enklare och effektivare vardag. Det g\u00e4ller allt fr\u00e5n sm\u00e5 kontor till komplexa anl\u00e4ggningar p\u00e5 hundratusentals kvadratmeter.<\/p>\t\t\t\t\t\t\t\t<\/div>\n\t\t\t\t<\/div>\n\t\t\t\t\t<\/div>\n\t\t<\/div>\n\t\t\t\t\t<\/div>\n\t\t<\/section>\n\t\t\t\t<section data-particle_enable=\"false\" data-particle-mobile-disabled=\"false\" class=\"elementor-section elementor-inner-section elementor-element elementor-element-fb75b11 elementor-section-boxed elementor-section-height-default elementor-section-height-default\" data-id=\"fb75b11\" data-element_type=\"section\" data-e-type=\"section\">\n\t\t\t\t\t\t<div class=\"elementor-container elementor-column-gap-wider\">\n\t\t\t\t\t<div class=\"elementor-column elementor-col-50 elementor-inner-column elementor-element elementor-element-5137201\" data-id=\"5137201\" data-element_type=\"column\" data-e-type=\"column\">\n\t\t\t<div class=\"elementor-widget-wrap elementor-element-populated\">\n\t\t\t\t\t\t<div class=\"elementor-element elementor-element-c5f80af elementor-widget elementor-widget-text-editor\" data-id=\"c5f80af\" data-element_type=\"widget\" data-e-type=\"widget\" data-widget_type=\"text-editor.default\">\n\t\t\t\t<div class=\"elementor-widget-container\">\n\t\t\t\t\t\t\t\t\t<p>MIC Nordic \u00e4r den ledande systemintegrat\u00f6ren f\u00f6r komplex inomhust\u00e4ckning f\u00f6r tr\u00e5dl\u00f6sa r\u00f6st-, data-, uppdragskritiska och privata n\u00e4tverk. <br \/>Vi erbjuder v\u00e5ra kunder allt fr\u00e5n enstaka produkter till att k\u00f6pa t\u00e4ckning som en tj\u00e4nst, med allt fr\u00e5n planering och design till installation, service och support.<\/p>\t\t\t\t\t\t\t\t<\/div>\n\t\t\t\t<\/div>\n\t\t\t\t\t<\/div>\n\t\t<\/div>\n\t\t\t\t<div class=\"elementor-column elementor-col-50 elementor-inner-column elementor-element elementor-element-22c8545\" data-id=\"22c8545\" data-element_type=\"column\" data-e-type=\"column\">\n\t\t\t<div class=\"elementor-widget-wrap elementor-element-populated\">\n\t\t\t\t\t\t<div class=\"elementor-element elementor-element-c510c01 elementor-widget elementor-widget-text-editor\" data-id=\"c510c01\" data-element_type=\"widget\" data-e-type=\"widget\" data-widget_type=\"text-editor.default\">\n\t\t\t\t<div class=\"elementor-widget-container\">\n\t\t\t\t\t\t\t\t\t<p>Men MIC Nordic erbjuder ocks\u00e5 robust och s\u00e4ker kommunikation f\u00f6r de verksamheter som m\u00e5ste fungera n\u00e4r l\u00e4get \u00e4r allt annat \u00e4n vardagsnormalt \u2013 t.ex polis, brandk\u00e5r och kriminalv\u00e5rd.<\/p>\t\t\t\t\t\t\t\t<\/div>\n\t\t\t\t<\/div>\n\t\t\t\t\t<\/div>\n\t\t<\/div>\n\t\t\t\t\t<\/div>\n\t\t<\/section>\n\t\t<div data-particle_enable=\"false\" data-particle-mobile-disabled=\"false\" class=\"elementor-element elementor-element-dc61410 e-con-full e-flex e-con e-parent\" data-id=\"dc61410\" data-element_type=\"container\" data-e-type=\"container\" data-settings=\"{&quot;background_background&quot;:&quot;video&quot;,&quot;background_video_link&quot;:&quot;https:\\\/\\\/www.youtube.com\\\/watch?v=B_wpwgYwV3I&quot;,&quot;background_video_start&quot;:32,&quot;background_video_end&quot;:46}\">\n\t\t<div class=\"elementor-background-video-container elementor-hidden-mobile\">\n\t\t\t\t\t\t\t<div class=\"elementor-background-video-embed\" role=\"presentation\"><\/div>\n\t\t\t\t\t\t<\/div>\t\t<div class=\"elementor-element elementor-element-97e8845 elementor-widget elementor-widget-heading\" data-id=\"97e8845\" data-element_type=\"widget\" data-e-type=\"widget\" data-widget_type=\"heading.default\">\n\t\t\t\t<div class=\"elementor-widget-container\">\n\t\t\t\t\t<h3 class=\"elementor-heading-title elementor-size-default\">MIC har erh\u00e5llit ett uppdrag att bygga det nya kommunikationsn\u00e4tet \u00e5t fyra sjukhus inom Region S\u00f6rmland<\/h3>\t\t\t\t<\/div>\n\t\t\t\t<\/div>\n\t\t\t\t<div class=\"elementor-element elementor-element-c64ffcd elementor-widget elementor-widget-text-editor\" data-id=\"c64ffcd\" data-element_type=\"widget\" data-e-type=\"widget\" data-widget_type=\"text-editor.default\">\n\t\t\t\t<div class=\"elementor-widget-container\">\n\t\t\t\t\t\t\t\t\t<p>Peter Thorander fr\u00e5n MIC Nordic och Mikael Frankefors fr\u00e5n Region S\u00f6rmland ber\u00e4ttar mer om problematiken och hur MIC Nordic l\u00f6ste utbyggnaden<\/p>\t\t\t\t\t\t\t\t<\/div>\n\t\t\t\t<\/div>\n\t\t\t\t<div class=\"elementor-element elementor-element-7d4bcf1 elementor-widget elementor-widget-button\" data-id=\"7d4bcf1\" data-element_type=\"widget\" data-e-type=\"widget\" data-widget_type=\"button.default\">\n\t\t\t\t<div class=\"elementor-widget-container\">\n\t\t\t\t\t\t\t\t\t<div class=\"elementor-button-wrapper\">\n\t\t\t\t\t<a class=\"elementor-button elementor-button-link elementor-size-sm\" href=\"https:\/\/www.youtube.com\/watch?v=B_wpwgYwV3I\" target=\"_blank\" rel=\"noopener\">\n\t\t\t\t\t\t<span class=\"elementor-button-content-wrapper\">\n\t\t\t\t\t\t\t\t\t<span class=\"elementor-button-text\">Se hela filmen h\u00e4r!<\/span>\n\t\t\t\t\t<\/span>\n\t\t\t\t\t<\/a>\n\t\t\t\t<\/div>\n\t\t\t\t\t\t\t\t<\/div>\n\t\t\t\t<\/div>\n\t\t\t\t<\/div>\n\t\t\t\t<section data-particle_enable=\"false\" data-particle-mobile-disabled=\"false\" class=\"elementor-section elementor-inner-section elementor-element elementor-element-9beed16 elementor-section-full_width elementor-section-height-default elementor-section-height-default\" data-id=\"9beed16\" data-element_type=\"section\" data-e-type=\"section\">\n\t\t\t\t\t\t<div class=\"elementor-container elementor-column-gap-extended\">\n\t\t\t\t\t<div class=\"elementor-column elementor-col-33 elementor-inner-column elementor-element elementor-element-0153e9b\" data-id=\"0153e9b\" data-element_type=\"column\" data-e-type=\"column\" data-settings=\"{&quot;background_background&quot;:&quot;classic&quot;}\">\n\t\t\t<div class=\"elementor-widget-wrap elementor-element-populated\">\n\t\t\t\t\t\t<div class=\"elementor-element elementor-element-c19fbec elementor-cta--tablet-layout-image-left elementor-cta--mobile-layout-image-above elementor-cta--skin-classic elementor-animated-content elementor-bg-transform elementor-bg-transform-zoom-in elementor-widget elementor-widget-call-to-action\" data-id=\"c19fbec\" data-element_type=\"widget\" data-e-type=\"widget\" data-widget_type=\"call-to-action.default\">\n\t\t\t\t<div class=\"elementor-widget-container\">\n\t\t\t\t\t\t\t<div class=\"elementor-cta\">\n\t\t\t\t\t<div class=\"elementor-cta__bg-wrapper\">\n\t\t\t\t<div class=\"elementor-cta__bg elementor-bg\" style=\"background-image: url(https:\/\/micnordic.se\/wp-content\/uploads\/2022\/11\/image-3-768x768.jpeg);\" role=\"img\" aria-label=\"image\"><\/div>\n\t\t\t\t<div class=\"elementor-cta__bg-overlay\"><\/div>\n\t\t\t<\/div>\n\t\t\t\t\t\t\t<div class=\"elementor-cta__content\">\n\t\t\t\t\n\t\t\t\t\t\t\t\t\t<h2 class=\"elementor-cta__title elementor-cta__content-item elementor-content-item\">\n\t\t\t\t\t\tMobilt\u00e4ckning inomhus\t\t\t\t\t<\/h2>\n\t\t\t\t\n\t\t\t\t\t\t\t\t\t<div class=\"elementor-cta__description elementor-cta__content-item elementor-content-item\">\n\t\t\t\t\t\tMobilt\u00e4ckningen i bost\u00e4der, kontor och m\u00e5nga andra lokaler \u00e4r ofta mycket d\u00e5lig \u2013 dessv\u00e4rre ocks\u00e5 i nybyggda fastigheter. H\u00e4r kan du l\u00e4sa om hur MIC Nordic l\u00f6ser problematiken med egna, stabilt fungerande l\u00f6sningar.\t\t\t\t\t<\/div>\n\t\t\t\t\n\t\t\t\t\t\t\t\t\t<div class=\"elementor-cta__button-wrapper elementor-cta__content-item elementor-content-item \">\n\t\t\t\t\t<a class=\"elementor-cta__button elementor-button elementor-size-\" href=\"https:\/\/micnordic.se\/dalig-tackning-hus\/\">\n\t\t\t\t\t\tL\u00e4s mer\t\t\t\t\t<\/a>\n\t\t\t\t\t<\/div>\n\t\t\t\t\t\t\t<\/div>\n\t\t\t\t\t\t<\/div>\n\t\t\t\t\t\t<\/div>\n\t\t\t\t<\/div>\n\t\t\t\t\t<\/div>\n\t\t<\/div>\n\t\t\t\t<div class=\"elementor-column elementor-col-33 elementor-inner-column elementor-element elementor-element-a27ac3a\" data-id=\"a27ac3a\" data-element_type=\"column\" data-e-type=\"column\" data-settings=\"{&quot;background_background&quot;:&quot;classic&quot;}\">\n\t\t\t<div class=\"elementor-widget-wrap elementor-element-populated\">\n\t\t\t\t\t\t<div class=\"elementor-element elementor-element-a93f7f2 elementor-cta--tablet-layout-image-left elementor-cta--mobile-layout-image-above elementor-cta--skin-classic elementor-animated-content elementor-bg-transform elementor-bg-transform-zoom-in elementor-widget elementor-widget-call-to-action\" data-id=\"a93f7f2\" data-element_type=\"widget\" data-e-type=\"widget\" data-widget_type=\"call-to-action.default\">\n\t\t\t\t<div class=\"elementor-widget-container\">\n\t\t\t\t\t\t\t<div class=\"elementor-cta\">\n\t\t\t\t\t<div class=\"elementor-cta__bg-wrapper\">\n\t\t\t\t<div class=\"elementor-cta__bg elementor-bg\" style=\"background-image: url(https:\/\/micnordic.se\/wp-content\/uploads\/2022\/11\/Traffic-light-lines-in-the-tunnel-451423-768x512.jpg);\" role=\"img\" aria-label=\"Traffic-light-lines-in-the-tunnel-451423\"><\/div>\n\t\t\t\t<div class=\"elementor-cta__bg-overlay\"><\/div>\n\t\t\t<\/div>\n\t\t\t\t\t\t\t<div class=\"elementor-cta__content\">\n\t\t\t\t\n\t\t\t\t\t\t\t\t\t<h3 class=\"elementor-cta__title elementor-cta__content-item elementor-content-item\">\n\t\t\t\t\t\tMobilt\u00e4ckning garage\/tunnlar\t\t\t\t\t<\/h3>\n\t\t\t\t\n\t\t\t\t\t\t\t\t\t<div class=\"elementor-cta__description elementor-cta__content-item elementor-content-item\">\n\t\t\t\t\t\tDet ska g\u00e5 enkelt och snabbt att betala f\u00f6r parkeringen i garaget. Navigationssystemet ska inte l\u00e5sa sig n\u00e4r du k\u00f6r i en tunnel. H\u00e4r kan du l\u00e4sa mer om varf\u00f6r god mobilt\u00e4ckning i tunnlar och garage handlar om b\u00e5de enkelhet och s\u00e4kerhet.\t\t\t\t\t<\/div>\n\t\t\t\t\n\t\t\t\t\t\t\t\t\t<div class=\"elementor-cta__button-wrapper elementor-cta__content-item elementor-content-item \">\n\t\t\t\t\t<a class=\"elementor-cta__button elementor-button elementor-size-\" href=\"https:\/\/micnordic.se\/signalforstarkare-garage-tunnlar\/\">\n\t\t\t\t\t\tL\u00e4s mer\t\t\t\t\t<\/a>\n\t\t\t\t\t<\/div>\n\t\t\t\t\t\t\t<\/div>\n\t\t\t\t\t\t<\/div>\n\t\t\t\t\t\t<\/div>\n\t\t\t\t<\/div>\n\t\t\t\t\t<\/div>\n\t\t<\/div>\n\t\t\t\t<div class=\"elementor-column elementor-col-33 elementor-inner-column elementor-element elementor-element-dedfbde\" data-id=\"dedfbde\" data-element_type=\"column\" data-e-type=\"column\" data-settings=\"{&quot;background_background&quot;:&quot;classic&quot;}\">\n\t\t\t<div class=\"elementor-widget-wrap elementor-element-populated\">\n\t\t\t\t\t\t<div class=\"elementor-element elementor-element-369b3dc elementor-cta--tablet-layout-image-left elementor-cta--mobile-layout-image-above elementor-cta--skin-classic elementor-animated-content elementor-bg-transform elementor-bg-transform-zoom-in elementor-widget elementor-widget-call-to-action\" data-id=\"369b3dc\" data-element_type=\"widget\" data-e-type=\"widget\" data-widget_type=\"call-to-action.default\">\n\t\t\t\t<div class=\"elementor-widget-container\">\n\t\t\t\t\t\t\t<div class=\"elementor-cta\">\n\t\t\t\t\t<div class=\"elementor-cta__bg-wrapper\">\n\t\t\t\t<div class=\"elementor-cta__bg elementor-bg\" style=\"background-image: url(https:\/\/micnordic.se\/wp-content\/uploads\/2022\/12\/4006618-passenger-train-768x432.jpg);\" role=\"img\" aria-label=\"4006618-passenger-train\"><\/div>\n\t\t\t\t<div class=\"elementor-cta__bg-overlay\"><\/div>\n\t\t\t<\/div>\n\t\t\t\t\t\t\t<div class=\"elementor-cta__content\">\n\t\t\t\t\n\t\t\t\t\t\t\t\t\t<h3 class=\"elementor-cta__title elementor-cta__content-item elementor-content-item\">\n\t\t\t\t\t\tMobilt\u00e4ckning i fordon\t\t\t\t\t<\/h3>\n\t\t\t\t\n\t\t\t\t\t\t\t\t\t<div class=\"elementor-cta__description elementor-cta__content-item elementor-content-item\">\n\t\t\t\t\t\tBilar, b\u00e5tar, bussar och t\u00e5g... V\u00e5ra fordon \u00e4r p\u00e5 m\u00e5nga s\u00e4tt st\u00e5lburar som ger h\u00f6g s\u00e4kerhet \u2013 men som tyv\u00e4rr ocks\u00e5 hindrar god mobilt\u00e4ckning. Men det finns effektiva s\u00e4tt att l\u00f6sa problemet \u2013 h\u00e4r kan du l\u00e4sa mer om hur MIC Nordic skapar s\u00e4ker mobilt\u00e4ckning i fordon. \t\t\t\t\t<\/div>\n\t\t\t\t\n\t\t\t\t\t\t\t\t\t<div class=\"elementor-cta__button-wrapper elementor-cta__content-item elementor-content-item \">\n\t\t\t\t\t<a class=\"elementor-cta__button elementor-button elementor-size-\" href=\"https:\/\/micnordic.se\/radiosystem-rakel-fordon\/\">\n\t\t\t\t\t\tL\u00e4s mer\t\t\t\t\t<\/a>\n\t\t\t\t\t<\/div>\n\t\t\t\t\t\t\t<\/div>\n\t\t\t\t\t\t<\/div>\n\t\t\t\t\t\t<\/div>\n\t\t\t\t<\/div>\n\t\t\t\t\t<\/div>\n\t\t<\/div>\n\t\t\t\t\t<\/div>\n\t\t<\/section>\n\t\t\t\t\t<\/div>\n\t\t<\/div>\n\t\t\t\t\t<\/div>\n\t\t<\/section>\n\t\t<div data-particle_enable=\"false\" data-particle-mobile-disabled=\"false\" class=\"elementor-element elementor-element-1da68ce e-con-full e-flex e-con e-parent\" data-id=\"1da68ce\" data-element_type=\"container\" data-e-type=\"container\">\n\t\t\t\t<div class=\"elementor-element elementor-element-89ef9f7 elementor--h-position-center elementor--v-position-middle elementor-arrows-position-inside elementor-pagination-position-inside elementor-widget elementor-widget-slides\" data-id=\"89ef9f7\" data-element_type=\"widget\" data-e-type=\"widget\" data-settings=\"{&quot;navigation&quot;:&quot;both&quot;,&quot;autoplay&quot;:&quot;yes&quot;,&quot;pause_on_hover&quot;:&quot;yes&quot;,&quot;pause_on_interaction&quot;:&quot;yes&quot;,&quot;autoplay_speed&quot;:5000,&quot;infinite&quot;:&quot;yes&quot;,&quot;transition&quot;:&quot;slide&quot;,&quot;transition_speed&quot;:500}\" data-widget_type=\"slides.default\">\n\t\t\t\t<div class=\"elementor-widget-container\">\n\t\t\t\t\t\t\t\t\t<div class=\"elementor-swiper\">\n\t\t\t\t\t<div class=\"elementor-slides-wrapper elementor-main-swiper swiper\" role=\"region\" aria-roledescription=\"carousel\" aria-label=\"Bildspel\" dir=\"ltr\" data-animation=\"\">\n\t\t\t\t<div class=\"swiper-wrapper elementor-slides\">\n\t\t\t\t\t\t\t\t\t\t<div class=\"elementor-repeater-item-af3db9d swiper-slide\" role=\"group\" aria-roledescription=\"slide\"><div class=\"swiper-slide-bg elementor-ken-burns elementor-ken-burns--in\" role=\"img\" aria-label=\"VISTA-Vy-Sp\u00e5r-puff\"><\/div><div class=\"elementor-background-overlay\"><\/div><a class=\"swiper-slide-inner\" href=\"https:\/\/micnordic.se\/vista-och-kvartetten-hyllie-malmo\/\"><div class=\"swiper-slide-contents\"><div class=\"elementor-slide-heading\">Vista & Kvartetten \u2013 Hyllie, Malm\u00f6<\/div><div class=\"elementor-slide-description\">Fastigheterna Vista och Kvartetten \u00e4gs och f\u00f6rvaltas av Wihlborgs Fastigheter. De ligger i Hyllie, Malm\u00f6 \u2013 endast ett hundratal meter fr\u00e5n varandra \u2013 i ett omr\u00e5de som pr\u00e4glas av stark tillv\u00e4xt och m\u00e5nga arbetsplatser.<\/div><div  class=\"elementor-button elementor-slide-button elementor-size-sm\">L\u00e4s mer h\u00e4r<\/div><\/div><\/a><\/div><div class=\"elementor-repeater-item-d783b55 swiper-slide\" role=\"group\" aria-roledescription=\"slide\"><div class=\"swiper-slide-bg elementor-ken-burns elementor-ken-burns--in\" role=\"img\" aria-label=\"Huvud1\"><\/div><div class=\"elementor-background-overlay\"><\/div><a class=\"swiper-slide-inner\" href=\"https:\/\/micnordic.se\/osterakers-kommun-sakrar-god-mobiltackning-i-ny-multiarena\/\"><div class=\"swiper-slide-contents\"><div class=\"elementor-slide-heading\">\u00d6ster\u00e5kers kommun s\u00e4krar god mobilt\u00e4ckning i ny multiarena<\/div><div class=\"elementor-slide-description\">\u00d6ster\u00e5kers kommun har byggt en modern multiarena, drygt 13 000 m2 stor. H\u00e4r ryms sex specialinredda idrottshallar f\u00f6r innebandy, basket, friidrott, gymnastik, bordtennis och kl\u00e4ttring \u2013 och mycket mer.<\/div><div  class=\"elementor-button elementor-slide-button elementor-size-sm\">L\u00e4s mer h\u00e4r<\/div><\/div><\/a><\/div><div class=\"elementor-repeater-item-9dc67e5 swiper-slide\" role=\"group\" aria-roledescription=\"slide\"><div class=\"swiper-slide-bg elementor-ken-burns elementor-ken-burns--in\" role=\"img\" aria-label=\"Photo: Roger Eriksson\/ESS\"><\/div><div class=\"elementor-background-overlay\"><\/div><a class=\"swiper-slide-inner\" href=\"https:\/\/micnordic.se\/mic-nordic-ess\/\"><div class=\"swiper-slide-contents\"><div class=\"elementor-slide-heading\">Stabil och p\u00e5litlig kommunikation i en extremt komplex anl\u00e4ggning<\/div><div class=\"elementor-slide-description\">L\u00e4s mer om MIC Nordics l\u00f6sningar f\u00f6r forskningsanl\u00e4ggningen ESS i Lund h\u00e4r.<\/div><div  class=\"elementor-button elementor-slide-button elementor-size-sm\">L\u00e4s mer h\u00e4r<\/div><\/div><\/a><\/div>\t\t\t\t<\/div>\n\t\t\t\t\t\t\t\t\t\t\t\t\t\t\t<div class=\"elementor-swiper-button elementor-swiper-button-prev\" role=\"button\" tabindex=\"0\" aria-label=\"F\u00f6reg\u00e5ende bild\">\n\t\t\t\t\t\t\t<i aria-hidden=\"true\" class=\"eicon-chevron-left\"><\/i>\t\t\t\t\t\t<\/div>\n\t\t\t\t\t\t<div class=\"elementor-swiper-button elementor-swiper-button-next\" role=\"button\" tabindex=\"0\" aria-label=\"N\u00e4sta bild\">\n\t\t\t\t\t\t\t<i aria-hidden=\"true\" class=\"eicon-chevron-right\"><\/i>\t\t\t\t\t\t<\/div>\n\t\t\t\t\t\t\t\t\t\t\t\t\t\t\t\t<div class=\"swiper-pagination\"><\/div>\n\t\t\t\t\t\t\t\t\t\t\t\t<\/div>\n\t\t\t\t<\/div>\n\t\t\t\t\t\t\t\t<\/div>\n\t\t\t\t<\/div>\n\t\t\t\t<\/div>\n\t\t\t\t<\/div>\n\t\t","protected":false},"excerpt":{"rendered":"<p>Robust och s\u00e4ker mobilt\u00e4ckning inomhus Slut p\u00e5 d\u00e5lig mobilt\u00e4ckning inomhus MIC Nordic ger f\u00f6retag och organisationer en p\u00e5litlig mobilt\u00e4ckning inomhus och d\u00e4rmed en enklare och effektivare vardag. Det g\u00e4ller allt fr\u00e5n sm\u00e5 kontor till komplexa anl\u00e4ggningar p\u00e5 hundratusentals kvadratmeter. MIC Nordic \u00e4r den ledande systemintegrat\u00f6ren f\u00f6r komplex inomhust\u00e4ckning f\u00f6r tr\u00e5dl\u00f6sa r\u00f6st-, data-, uppdragskritiska och privata [&hellip;]<\/p>\n","protected":false},"author":2,"featured_media":0,"parent":0,"menu_order":0,"comment_status":"closed","ping_status":"closed","template":"","meta":{"_acf_changed":false,"footnotes":""},"class_list":["post-216","page","type-page","status-publish","hentry"],"acf":[],"_links":{"self":[{"href":"https:\/\/micnordic.se\/en\/wp-json\/wp\/v2\/pages\/216","targetHints":{"allow":["GET"]}}],"collection":[{"href":"https:\/\/micnordic.se\/en\/wp-json\/wp\/v2\/pages"}],"about":[{"href":"https:\/\/micnordic.se\/en\/wp-json\/wp\/v2\/types\/page"}],"author":[{"embeddable":true,"href":"https:\/\/micnordic.se\/en\/wp-json\/wp\/v2\/users\/2"}],"replies":[{"embeddable":true,"href":"https:\/\/micnordic.se\/en\/wp-json\/wp\/v2\/comments?post=216"}],"version-history":[{"count":392,"href":"https:\/\/micnordic.se\/en\/wp-json\/wp\/v2\/pages\/216\/revisions"}],"predecessor-version":[{"id":9294,"href":"https:\/\/micnordic.se\/en\/wp-json\/wp\/v2\/pages\/216\/revisions\/9294"}],"wp:attachment":[{"href":"https:\/\/micnordic.se\/en\/wp-json\/wp\/v2\/media?parent=216"}],"curies":[{"name":"wp","href":"https:\/\/api.w.org\/{rel}","templated":true}]}}